{"id":88719,"date":"2021-03-19T09:00:13","date_gmt":"2021-03-19T08:00:13","guid":{"rendered":"https:\/\/undsgn.com\/uncode\/?page_id=88719"},"modified":"2026-01-04T00:12:44","modified_gmt":"2026-01-04T00:12:44","slug":"contacto","status":"publish","type":"page","link":"https:\/\/redjuvenil-lac.org\/en\/contacto\/","title":{"rendered":"contacto"},"content":{"rendered":"<div data-parent=\"true\" class=\"vc_row style-color-xsdn-bg row-container\" id=\"row-unique-0\"><div class=\"row exa-top-padding exa-bottom-padding single-h-padding limit-width row-parent\"><div class=\"wpb_row row-inner\"><div class=\"wpb_column pos-top pos-center align_left column_parent col-lg-12 single-internal-gutter\"><div class=\"uncol style-light\"  ><div class=\"uncoltable\"><div class=\"uncell no-block-padding\" ><div class=\"uncont\" ><div class=\"vc_custom_heading_wrap\"><div class=\"heading-text el-text\" ><h1 class=\"custom font-weight-300 fontsize-153912-custom\" ><span>Send us your questions, suggestions, etc.<\/span><\/h1><\/div><div class=\"clear\"><\/div><\/div><\/div><\/div><\/div><\/div><\/div><script id=\"script-row-unique-0\" data-row=\"script-row-unique-0\" type=\"text\/javascript\" class=\"vc_controls\">UNCODE.initRow(document.getElementById(\"row-unique-0\"));<\/script><\/div><\/div><\/div><div data-parent=\"true\" class=\"vc_row style-accent-bg row-container\" id=\"row-unique-1\"><div class=\"row unequal col-no-gutter no-top-padding no-bottom-padding no-h-padding full-width row-parent\"><div class=\"wpb_row row-inner\"><div class=\"wpb_column pos-top pos-right align_left column_parent col-lg-6 single-internal-gutter\"><div class=\"uncol style-dark\"  ><div class=\"uncoltable\"><div class=\"uncell quad-block-padding style-color-289206-bg\" ><div class=\"uncont\" style=\" max-width:420px;\" ><div class=\"vc_custom_heading_wrap\"><div class=\"heading-text el-text\" ><h3 class=\"h1 font-weight-300\" ><span>Remember to follow us on our social media channels!<\/span><\/h3><\/div><div class=\"clear\"><\/div><\/div><div class=\"divider-wrapper\"  >\n    <hr class=\"border-,Default-color separator-no-padding\"  \/>\n<\/div>\n<span class=\"btn-container\" ><a role=\"button\"  href=\"https:\/\/www.instagram.com\/redjuvenillac%20\" class=\"custom-link btn border-width-0 btn-color-jevc btn-icon-left\" target=\"_blank\"><i class=\"fa fa-instagram\"><\/i>Instagram<\/a><\/span><span class=\"btn-container\" ><a role=\"button\"  href=\"https:\/\/www.facebook.com\/redjuvenillac\/\" class=\"custom-link btn border-width-0 btn-color-jevc btn-icon-left\" target=\"_blank\"><i class=\"fa fa-facebook\"><\/i>Facebook<\/a><\/span><span class=\"btn-container\" ><a role=\"button\"  href=\"https:\/\/www.youtube.com\/@RedJuvenildeLatinoamericayelCa\" class=\"custom-link btn border-width-0 btn-color-jevc btn-icon-left\" target=\"_blank\"><i class=\"fa fa-youtube-play\"><\/i>YouTube<\/a><\/span><span class=\"btn-container\" ><a role=\"button\"  href=\"mailto:redjuvenillac@gmail.com\" class=\"custom-link btn border-width-0 btn-color-jevc btn-icon-left\" target=\"_blank\"><i class=\"fa fa-mail\"><\/i>redjuvenillac@gmail.com<\/a><\/span><\/div><\/div><\/div><\/div><\/div><div class=\"wpb_column pos-top pos-left align_left column_parent col-lg-6 single-internal-gutter\"><div class=\"uncol style-light\"  ><div class=\"uncoltable\"><div class=\"uncell quad-block-padding style-color-xsdn-bg\" ><div class=\"uncont\" style=\" max-width:420px;\" ><div class=\"vc_custom_heading_wrap\"><div class=\"heading-text el-text\" ><h3 class=\"h1 font-weight-300\" ><span>Write to us<\/span><\/h3><\/div><div class=\"clear\"><\/div><\/div><div class=\"divider-wrapper\"  >\n    <hr class=\"border-,Default-color separator-no-padding\"  \/>\n<\/div>\n\n<div class=\"wpcf7 no-js\" id=\"wpcf7-f22444-o1\" lang=\"en-US\" dir=\"ltr\" data-wpcf7-id=\"22444\">\n<div class=\"screen-reader-response\"><p role=\"status\" aria-live=\"polite\" aria-atomic=\"true\"><\/p> <ul><\/ul><\/div>\n<form action=\"\/en\/wp-json\/wp\/v2\/pages\/88719#wpcf7-f22444-o1\" method=\"post\" class=\"wpcf7-form init input-background form-no-labels\" aria-label=\"Contact form\" novalidate=\"novalidate\" data-status=\"init\" data-trp-original-action=\"\/en\/wp-json\/wp\/v2\/pages\/88719#wpcf7-f22444-o1\">\n<fieldset class=\"hidden-fields-container\"><input type=\"hidden\" name=\"_wpcf7\" value=\"22444\" \/><input type=\"hidden\" name=\"_wpcf7_version\" value=\"6.1.4\" \/><input type=\"hidden\" name=\"_wpcf7_locale\" value=\"en_US\" \/><input type=\"hidden\" name=\"_wpcf7_unit_tag\" value=\"wpcf7-f22444-o1\" \/><input type=\"hidden\" name=\"_wpcf7_container_post\" value=\"0\" \/><input type=\"hidden\" name=\"_wpcf7_posted_data_hash\" value=\"\" \/>\n<\/fieldset>\n<p>Yout Name (Requerid)\n<\/p>\n<p><span class=\"wpcf7-form-control-wrap\" data-name=\"your-firstname\"><input size=\"40\" maxlength=\"400\" class=\"wpcf7-form-control wpcf7-text wpcf7-validates-as-required form-fluid\" aria-required=\"true\" aria-invalid=\"false\" value=\"\" type=\"text\" name=\"your-firstname\" \/><\/span>\n<\/p>\n<p>Email (Requerid)\n<\/p>\n<p><span class=\"wpcf7-form-control-wrap\" data-name=\"your-email\"><input size=\"40\" maxlength=\"400\" class=\"wpcf7-form-control wpcf7-email wpcf7-validates-as-required wpcf7-text wpcf7-validates-as-email form-fluid\" aria-required=\"true\" aria-invalid=\"false\" value=\"\" type=\"email\" name=\"your-email\" \/><\/span>\n<\/p>\n<p>Country (Requerid)\n<\/p>\n<p><span class=\"wpcf7-form-control-wrap\" data-name=\"pais\"><input size=\"40\" maxlength=\"400\" class=\"wpcf7-form-control wpcf7-email wpcf7-validates-as-required wpcf7-text wpcf7-validates-as-email form-fluid\" aria-required=\"true\" aria-invalid=\"false\" value=\"\" type=\"email\" name=\"pais\" \/><\/span>\n<\/p>\n<p>Your message (Requerid)\n<\/p>\n<p><span class=\"wpcf7-form-control-wrap\" data-name=\"your-message\"><textarea cols=\"40\" rows=\"8\" maxlength=\"2000\" class=\"wpcf7-form-control wpcf7-textarea\" aria-invalid=\"false\" name=\"your-message\"><\/textarea><\/span>\n<\/p>\n<p><input class=\"wpcf7-form-control wpcf7-submit has-spinner btn btn-accent btn-lg\" type=\"submit\" value=\"Send\" \/>\n<\/p><p style=\"display: none !important;\" class=\"akismet-fields-container\" data-prefix=\"_wpcf7_ak_\"><label>&#916;<textarea name=\"_wpcf7_ak_hp_textarea\" cols=\"45\" rows=\"8\" maxlength=\"100\"><\/textarea><\/label><input type=\"hidden\" id=\"ak_js_1\" name=\"_wpcf7_ak_js\" value=\"191\"\/><script>document.getElementById( \"ak_js_1\" ).setAttribute( \"value\", ( new Date() ).getTime() );<\/script><\/p><div class=\"wpcf7-response-output\" aria-hidden=\"true\"><\/div>\n<input type=\"hidden\" name=\"trp-form-language\" value=\"en\"\/><\/form>\n<\/div>\n<\/div><\/div><\/div><\/div><\/div><script id=\"script-row-unique-1\" data-row=\"script-row-unique-1\" type=\"text\/javascript\" class=\"vc_controls\">UNCODE.initRow(document.getElementById(\"row-unique-1\"));<\/script><\/div><\/div><\/div>","protected":false},"excerpt":{"rendered":"Env\u00edanos tus dudas, sugerencias, etc.\u00a1Recuerda tambi\u00e9n seguirnos en nuestras Redes Sociales! InstagramFacebookYouTuberedjuvenillac@gmail.comEscr\u00edbenos Tu nombre (requerido) Email (requerido) Pa\u00eds (requerido) Tu [...]","protected":false},"author":1,"featured_media":0,"parent":0,"menu_order":0,"comment_status":"closed","ping_status":"closed","template":"","meta":{"footnotes":""},"class_list":["post-88719","page","type-page","status-publish","hentry"],"_links":{"self":[{"href":"https:\/\/redjuvenil-lac.org\/en\/wp-json\/wp\/v2\/pages\/88719","targetHints":{"allow":["GET"]}}],"collection":[{"href":"https:\/\/redjuvenil-lac.org\/en\/wp-json\/wp\/v2\/pages"}],"about":[{"href":"https:\/\/redjuvenil-lac.org\/en\/wp-json\/wp\/v2\/types\/page"}],"author":[{"embeddable":true,"href":"https:\/\/redjuvenil-lac.org\/en\/wp-json\/wp\/v2\/users\/1"}],"replies":[{"embeddable":true,"href":"https:\/\/redjuvenil-lac.org\/en\/wp-json\/wp\/v2\/comments?post=88719"}],"version-history":[{"count":5,"href":"https:\/\/redjuvenil-lac.org\/en\/wp-json\/wp\/v2\/pages\/88719\/revisions"}],"predecessor-version":[{"id":160538,"href":"https:\/\/redjuvenil-lac.org\/en\/wp-json\/wp\/v2\/pages\/88719\/revisions\/160538"}],"wp:attachment":[{"href":"https:\/\/redjuvenil-lac.org\/en\/wp-json\/wp\/v2\/media?parent=88719"}],"curies":[{"name":"wp","href":"https:\/\/api.w.org\/{rel}","templated":true}]}}